{"id":8657,"date":"2023-10-23T19:18:09","date_gmt":"2023-10-23T19:18:09","guid":{"rendered":"https:\/\/actonenglish.com\/contrasena-perdida\/"},"modified":"2023-10-23T19:18:09","modified_gmt":"2023-10-23T19:18:09","slug":"contrasena-perdida","status":"publish","type":"page","link":"https:\/\/actonenglish.com\/es\/contrasena-perdida\/","title":{"rendered":"Contrase\u00f1a perdida"},"content":{"rendered":"<p>Introduzca a continuaci\u00f3n su nombre de usuario o direcci\u00f3n de correo electr\u00f3nico. Recibir\u00e1 un enlace para confirmar la solicitud por correo electr\u00f3nico. Se proporcionar\u00e1 una nueva contrase\u00f1a generada que podr\u00e1 cambiarse posteriormente desde Mi cuenta.<\/p>\n\r\n<div class=\"uap-pass-form-wrap uap-login-template-9\">\r\r\n\t<form method=\"post\" >\r\r\n\t\t<input type=\"hidden\" name=\"uap_reset_password_nonce\" value=\"41cae2c83d\" \/>\r\r\n\t\t<input name=\"uapaction\" type=\"hidden\" value=\"reset_pass\">\r\r\n\r\r\n\t\r\n\t\t\t\t\t<div class=\"uap-form-line-fr\">\r\r\n\t\t\t\t\t\t<i class=\"fa-uap fa-username-uap\"><\/i>\r\r\n\t\t\t\t\t\t<input type=\"text\" value=\"\" name=\"email_or_userlogin\" placeholder=\"Username or E-mail\" \/>\r\r\n\t\t\t\t\t<\/div>\r\r\n\t\t\t\t\t<div class=\"uap-form-line-fr uap-form-submit\">\r\r\n\t\t\t\t\t\t<input type=\"submit\" value=\"Get New Password\" name=\"Submit\" class=\"button button-primary button-large uap-reset-password-button\" \/>\r\r\n\t\t\t\t\t<\/div>\r\r\n\t\t\t\t\r\n\r\r\n\t<\/form>\r\r\n\t\r\n<\/div>\r\r\n\n","protected":false},"excerpt":{"rendered":"<p>Introduzca a continuaci\u00f3n su nombre de usuario o direcci\u00f3n de correo electr\u00f3nico. Recibir\u00e1 un enlace para confirmar la solicitud por<\/p>\n","protected":false},"author":1,"featured_media":0,"parent":0,"menu_order":0,"comment_status":"closed","ping_status":"closed","template":"","meta":{"_tutorstarter_page_metadata":[],"footnotes":""},"class_list":["post-8657","page","type-page","status-publish","hentry"],"rttpg_featured_image_url":null,"rttpg_author":{"display_name":"Acton","author_link":"https:\/\/actonenglish.com\/es\/author\/acton\/"},"rttpg_comment":0,"rttpg_category":" <a href=\"https:\/\/actonenglish.com\/es\/?taxonomy=translation_priority&#038;term=opcional\" rel=\"tag\">Opcional<\/a>","rttpg_excerpt":"Introduzca a continuaci\u00f3n su nombre de usuario o direcci\u00f3n de correo electr\u00f3nico. Recibir\u00e1 un enlace para confirmar la solicitud por","_links":{"self":[{"href":"https:\/\/actonenglish.com\/es\/wp-json\/wp\/v2\/pages\/8657","targetHints":{"allow":["GET"]}}],"collection":[{"href":"https:\/\/actonenglish.com\/es\/wp-json\/wp\/v2\/pages"}],"about":[{"href":"https:\/\/actonenglish.com\/es\/wp-json\/wp\/v2\/types\/page"}],"author":[{"embeddable":true,"href":"https:\/\/actonenglish.com\/es\/wp-json\/wp\/v2\/users\/1"}],"replies":[{"embeddable":true,"href":"https:\/\/actonenglish.com\/es\/wp-json\/wp\/v2\/comments?post=8657"}],"version-history":[{"count":0,"href":"https:\/\/actonenglish.com\/es\/wp-json\/wp\/v2\/pages\/8657\/revisions"}],"wp:attachment":[{"href":"https:\/\/actonenglish.com\/es\/wp-json\/wp\/v2\/media?parent=8657"}],"curies":[{"name":"wp","href":"https:\/\/api.w.org\/{rel}","templated":true}]}}