{"id":8280,"date":"2021-04-16T08:52:16","date_gmt":"2021-04-16T08:52:16","guid":{"rendered":"https:\/\/actonenglish.com\/quienes-somos\/"},"modified":"2023-09-23T20:22:57","modified_gmt":"2023-09-23T20:22:57","slug":"quienes-somos","status":"publish","type":"page","link":"https:\/\/actonenglish.com\/es\/quienes-somos\/","title":{"rendered":"Qui\u00e9nes somos"},"content":{"rendered":"\t\t<div data-elementor-type=\"wp-page\" data-elementor-id=\"8280\" class=\"elementor elementor-8280 elementor-1107\">\n\t\t\t\t\t\t<section class=\"elementor-section elementor-top-section elementor-element elementor-element-18391ed elementor-section-boxed elementor-section-height-default elementor-section-height-default\" data-id=\"18391ed\" data-element_type=\"section\" data-settings=\"{&quot;background_background&quot;:&quot;classic&quot;}\">\n\t\t\t\t\t\t<div class=\"elementor-container elementor-column-gap-default\">\n\t\t\t\t\t<div class=\"elementor-column elementor-col-100 elementor-top-column elementor-element elementor-element-f2b6a0a\" data-id=\"f2b6a0a\" data-element_type=\"column\">\n\t\t\t<div class=\"elementor-widget-wrap elementor-element-populated\">\n\t\t\t\t\t\t<div class=\"elementor-element elementor-element-2dca618 elementor-widget elementor-widget-heading\" data-id=\"2dca618\" data-element_type=\"widget\" data-widget_type=\"heading.default\">\n\t\t\t\t<div class=\"elementor-widget-container\">\n\t\t\t\t\t<h2 class=\"elementor-heading-title elementor-size-default\">Acerca de<\/h2>\t\t\t\t<\/div>\n\t\t\t\t<\/div>\n\t\t\t\t<div class=\"elementor-element elementor-element-32030bd elementor-widget elementor-widget-text-editor\" data-id=\"32030bd\" data-element_type=\"widget\" data-widget_type=\"text-editor.default\">\n\t\t\t\t<div class=\"elementor-widget-container\">\n\t\t\t\t\t\t\t\t\t<p>En Acton proporcionamos las herramientas y la tecnolog\u00eda a los mejores profesores de ingl\u00e9s para crear cursos para estudiantes de todos los niveles.<\/p>\n\t\t\t\t\t\t\t\t<\/div>\n\t\t\t\t<\/div>\n\t\t\t\t\t<\/div>\n\t\t<\/div>\n\t\t\t\t\t<\/div>\n\t\t<\/section>\n\t\t\t\t<section class=\"elementor-section elementor-top-section elementor-element elementor-element-8a8909e elementor-section-content-middle elementor-section-boxed elementor-section-height-default elementor-section-height-default\" data-id=\"8a8909e\" data-element_type=\"section\">\n\t\t\t\t\t\t<div class=\"elementor-container elementor-column-gap-default\">\n\t\t\t\t\t<div class=\"elementor-column elementor-col-50 elementor-top-column elementor-element elementor-element-1495b4f\" data-id=\"1495b4f\" data-element_type=\"column\">\n\t\t\t<div class=\"elementor-widget-wrap elementor-element-populated\">\n\t\t\t\t\t\t<div class=\"elementor-element elementor-element-e186cba elementor-widget elementor-widget-image\" data-id=\"e186cba\" data-element_type=\"widget\" data-widget_type=\"image.default\">\n\t\t\t\t<div class=\"elementor-widget-container\">\n\t\t\t\t\t\t\t\t\t\t\t\t\t\t\t<img fetchpriority=\"high\" decoding=\"async\" width=\"1024\" height=\"1024\" src=\"https:\/\/actonenglish.com\/wp-content\/uploads\/2023\/07\/ActonLogo-1024x1024.png\" class=\"attachment-large size-large wp-image-7417\" alt=\"\" \/>\t\t\t\t\t\t\t\t\t\t\t\t\t\t\t<\/div>\n\t\t\t\t<\/div>\n\t\t\t\t\t<\/div>\n\t\t<\/div>\n\t\t\t\t<div class=\"elementor-column elementor-col-50 elementor-top-column elementor-element elementor-element-fb411ec\" data-id=\"fb411ec\" data-element_type=\"column\">\n\t\t\t<div class=\"elementor-widget-wrap elementor-element-populated\">\n\t\t\t\t\t\t<div class=\"elementor-element elementor-element-0f5587c elementor-widget elementor-widget-heading\" data-id=\"0f5587c\" data-element_type=\"widget\" data-widget_type=\"heading.default\">\n\t\t\t\t<div class=\"elementor-widget-container\">\n\t\t\t\t\t<h2 class=\"elementor-heading-title elementor-size-default\">Acton English.<\/h2>\t\t\t\t<\/div>\n\t\t\t\t<\/div>\n\t\t\t\t<div class=\"elementor-element elementor-element-e7066ac elementor-widget elementor-widget-text-editor\" data-id=\"e7066ac\" data-element_type=\"widget\" data-widget_type=\"text-editor.default\">\n\t\t\t\t<div class=\"elementor-widget-container\">\n\t\t\t\t\t\t\t\t\t<p>En Acton proporcionamos las herramientas y la tecnolog\u00eda a los mejores profesores de ingl\u00e9s para crear cursos para estudiantes de todos los niveles.<\/p>\n\t\t\t\t\t\t\t\t<\/div>\n\t\t\t\t<\/div>\n\t\t\t\t\t<\/div>\n\t\t<\/div>\n\t\t\t\t\t<\/div>\n\t\t<\/section>\n\t\t\t\t<section class=\"elementor-section elementor-top-section elementor-element elementor-element-efc5318 elementor-section-content-middle elementor-section-boxed elementor-section-height-default elementor-section-height-default\" data-id=\"efc5318\" data-element_type=\"section\">\n\t\t\t\t\t\t<div class=\"elementor-container elementor-column-gap-default\">\n\t\t\t\t\t<div class=\"elementor-column elementor-col-100 elementor-top-column elementor-element elementor-element-f780d33\" data-id=\"f780d33\" data-element_type=\"column\">\n\t\t\t<div class=\"elementor-widget-wrap elementor-element-populated\">\n\t\t\t\t\t\t<div class=\"elementor-element elementor-element-0a4752a elementor-widget elementor-widget-heading\" data-id=\"0a4752a\" data-element_type=\"widget\" data-widget_type=\"heading.default\">\n\t\t\t\t<div class=\"elementor-widget-container\">\n\t\t\t\t\t<h2 class=\"elementor-heading-title elementor-size-default\">Abrimos puertas a nuevos mundos<\/h2>\t\t\t\t<\/div>\n\t\t\t\t<\/div>\n\t\t\t\t<div class=\"elementor-element elementor-element-a95b0aa elementor-widget elementor-widget-text-editor\" data-id=\"a95b0aa\" data-element_type=\"widget\" data-widget_type=\"text-editor.default\">\n\t\t\t\t<div class=\"elementor-widget-container\">\n\t\t\t\t\t\t\t\t\t<p>El talento es universal, pero las oportunidades no lo son. Cualquiera, desde cualquier lugar, puede mejorar sus competencias y transformar su vida de forma significativa si tiene acceso a los recursos de aprendizaje en l\u00ednea adecuados.<\/p>\n\t\t\t\t\t\t\t\t<\/div>\n\t\t\t\t<\/div>\n\t\t\t\t\t<\/div>\n\t\t<\/div>\n\t\t\t\t\t<\/div>\n\t\t<\/section>\n\t\t\t\t<section class=\"elementor-section elementor-top-section elementor-element elementor-element-f907761 elementor-section-content-middle elementor-section-boxed elementor-section-height-default elementor-section-height-default\" data-id=\"f907761\" data-element_type=\"section\">\n\t\t\t\t\t\t<div class=\"elementor-container elementor-column-gap-default\">\n\t\t\t\t\t<div class=\"elementor-column elementor-col-100 elementor-top-column elementor-element elementor-element-ec30f29\" data-id=\"ec30f29\" data-element_type=\"column\">\n\t\t\t<div class=\"elementor-widget-wrap elementor-element-populated\">\n\t\t\t\t\t\t<div class=\"elementor-element elementor-element-75430ac elementor-widget elementor-widget-heading\" data-id=\"75430ac\" data-element_type=\"widget\" data-widget_type=\"heading.default\">\n\t\t\t\t<div class=\"elementor-widget-container\">\n\t\t\t\t\t<h2 class=\"elementor-heading-title elementor-size-default\">Acton es un Mercado donde los mejores instructores pueden ofrecer sus servicios<\/h2>\t\t\t\t<\/div>\n\t\t\t\t<\/div>\n\t\t\t\t<div class=\"elementor-element elementor-element-1e1c610 elementor-widget elementor-widget-text-editor\" data-id=\"1e1c610\" data-element_type=\"widget\" data-widget_type=\"text-editor.default\">\n\t\t\t\t<div class=\"elementor-widget-container\">\n\t\t\t\t\t\t\t\t\t<p>En Acton creemos que los mejores profesores del mundo no siempre est\u00e1n en tu zona. Nuestros profesores est\u00e1n repartidos por todo el mundo y te los llevamos directamente a la pantalla de tu ordenador.<\/p>\n\t\t\t\t\t\t\t\t<\/div>\n\t\t\t\t<\/div>\n\t\t\t\t\t<\/div>\n\t\t<\/div>\n\t\t\t\t\t<\/div>\n\t\t<\/section>\n\t\t\t\t<section class=\"elementor-section elementor-top-section elementor-element elementor-element-6808a6e elementor-section-content-middle elementor-section-boxed elementor-section-height-default elementor-section-height-default\" data-id=\"6808a6e\" data-element_type=\"section\">\n\t\t\t\t\t\t<div class=\"elementor-container elementor-column-gap-default\">\n\t\t\t\t\t<div class=\"elementor-column elementor-col-100 elementor-top-column elementor-element elementor-element-0bf436c\" data-id=\"0bf436c\" data-element_type=\"column\">\n\t\t\t<div class=\"elementor-widget-wrap elementor-element-populated\">\n\t\t\t\t\t\t<div class=\"elementor-element elementor-element-649b3e0 elementor-widget elementor-widget-heading\" data-id=\"649b3e0\" data-element_type=\"widget\" data-widget_type=\"heading.default\">\n\t\t\t\t<div class=\"elementor-widget-container\">\n\t\t\t\t\t<h2 class=\"elementor-heading-title elementor-size-default\">Nuestros instructores<\/h2>\t\t\t\t<\/div>\n\t\t\t\t<\/div>\n\t\t\t\t<div class=\"elementor-element elementor-element-50eee07 elementor-widget elementor-widget-text-editor\" data-id=\"50eee07\" data-element_type=\"widget\" data-widget_type=\"text-editor.default\">\n\t\t\t\t<div class=\"elementor-widget-container\">\n\t\t\t\t\t\t\t\t\t<p>A los profesores de Acton les apasiona compartir sus conocimientos y ayudar a los estudiantes. Son expertos que permanecen activos en sus campos para ofrecer los contenidos m\u00e1s actualizados.<\/p>\n<p><strong><em>Aprenda a su ritmo<\/em><\/strong><br \/>Estudie cuando le convenga, integre el aprendizaje de un idioma sin esfuerzo en su estilo de vida. Puede acceder a nuestros cursos dise\u00f1ados y creados por expertos en lenguas extranjeras a cualquier hora del d\u00eda o de la noche. Estudia poco a poco o en un solo d\u00eda, t\u00fa eliges. Progresa de verdad con certificados que demuestran tus conocimientos.<br \/><strong><em>Aprendizaje eficaz<\/em><\/strong><br \/>Aprender un idioma abre las puertas a nuevas oportunidades profesionales, una nueva amistad o simplemente una nueva habilidad. Utilizando una amplia variedad de m\u00e9todos de ense\u00f1anza, estilos y contenidos, tenemos algo para todo el mundo. Incluso si ha tenido dificultades para aprender ingl\u00e9s en el pasado, aqu\u00ed encontrar\u00e1 el curso perfecto para sus necesidades como estudiante.<br \/>Nuestro modelo, que combina el autoaprendizaje con clases en directo impartidas por profesores expertos, ha demostrado ser la mejor manera de aprender un idioma.<br \/><strong><em>Eval\u00fae sus conocimientos<\/em><\/strong><br \/>Ponte a prueba y recibe certificados oficiales de Acton. Dale un plus a tu curr\u00edculum con nuestro certificado de nivel reconocido por cientos de empresas y universidades de Latinoam\u00e9rica. Nuestras clases utilizan el Marco Com\u00fan Europeo de Referencia (MCER), reconocido internacionalmente, para el aprendizaje de idiomas.<br \/><strong><em>Interactivo<\/em><\/strong><br \/>Material did\u00e1ctico interactivo f\u00e1cil de usar que le ayudar\u00e1 a mejorar sus resultados.<br \/>Los profesores comparten contenidos para reforzar conceptos: im\u00e1genes, v\u00eddeos, presentaciones, PDF&#8217;S.<br \/><strong><em>Ahorrar tiempo<\/em><\/strong><br \/>No pierdas el tiempo en traslados.<br \/>Acelere su aprendizaje gracias a nuestra amplia gama de cursos, experiencia y herramientas altamente eficaces.<\/p>\n\t\t\t\t\t\t\t\t<\/div>\n\t\t\t\t<\/div>\n\t\t\t\t\t<\/div>\n\t\t<\/div>\n\t\t\t\t\t<\/div>\n\t\t<\/section>\n\t\t\t\t<section class=\"elementor-section elementor-top-section elementor-element elementor-element-9ad5e8a elementor-section-content-middle elementor-section-boxed elementor-section-height-default elementor-section-height-default\" data-id=\"9ad5e8a\" data-element_type=\"section\">\n\t\t\t\t\t\t<div class=\"elementor-container elementor-column-gap-default\">\n\t\t\t\t\t<div class=\"elementor-column elementor-col-100 elementor-top-column elementor-element elementor-element-4d2fec9\" data-id=\"4d2fec9\" data-element_type=\"column\">\n\t\t\t<div class=\"elementor-widget-wrap elementor-element-populated\">\n\t\t\t\t\t\t<div class=\"elementor-element elementor-element-b046cec elementor-widget elementor-widget-heading\" data-id=\"b046cec\" data-element_type=\"widget\" data-widget_type=\"heading.default\">\n\t\t\t\t<div class=\"elementor-widget-container\">\n\t\t\t\t\t<h2 class=\"elementor-heading-title elementor-size-default\">TEACH ON ACTON<\/h2>\t\t\t\t<\/div>\n\t\t\t\t<\/div>\n\t\t\t\t<div class=\"elementor-element elementor-element-e9035c2 elementor-widget elementor-widget-text-editor\" data-id=\"e9035c2\" data-element_type=\"widget\" data-widget_type=\"text-editor.default\">\n\t\t\t\t<div class=\"elementor-widget-container\">\n\t\t\t\t\t\t\t\t\t<p><strong>Ense\u00f1a a tu manera<\/strong><br \/>Aporte su propio estilo al aula creando sus cursos con el respaldo de su experiencia, sus m\u00e9todos y los mejores consejos para sus alumnos. Publique el curso que quiera, como quiera. Siempre tendr\u00e1 pleno control sobre su propio contenido. Puedes pregrabar tus cursos, impartir sesiones en directo y a\u00f1adir trabajos, tareas y ex\u00e1menes para construir el curso perfecto.<br \/><strong>Inspire a sus alumnos<\/strong><br \/>Ense\u00f1e lo que sabe y ayude a sus alumnos a dominar r\u00e1pidamente un segundo idioma, adquirir nuevas destrezas y avanzar en su carrera profesional.<br \/><strong>Generar ingresos pasivos<\/strong><br \/>Invierte ahora tiempo que puede dejarte ingresos mientras duermes. Nosotros nos encargamos de promocionar sus cursos entre los alumnos perfectos y usted gana dinero con cada venta.<\/p>\n\t\t\t\t\t\t\t\t<\/div>\n\t\t\t\t<\/div>\n\t\t\t\t\t<\/div>\n\t\t<\/div>\n\t\t\t\t\t<\/div>\n\t\t<\/section>\n\t\t\t\t<\/div>\n\t\t","protected":false},"excerpt":{"rendered":"<p>Acerca de En Acton proporcionamos las herramientas y la tecnolog\u00eda a los mejores profesores de ingl\u00e9s para crear cursos para<\/p>\n","protected":false},"author":1,"featured_media":0,"parent":0,"menu_order":0,"comment_status":"closed","ping_status":"closed","template":"elementor_header_footer","meta":{"_tutorstarter_page_metadata":[],"footnotes":""},"class_list":["post-8280","page","type-page","status-publish","hentry"],"rttpg_featured_image_url":null,"rttpg_author":{"display_name":"Acton","author_link":"https:\/\/actonenglish.com\/es\/author\/acton\/"},"rttpg_comment":0,"rttpg_category":false,"rttpg_excerpt":"Acerca de En Acton proporcionamos las herramientas y la tecnolog\u00eda a los mejores profesores de ingl\u00e9s para crear cursos para","_links":{"self":[{"href":"https:\/\/actonenglish.com\/es\/wp-json\/wp\/v2\/pages\/8280","targetHints":{"allow":["GET"]}}],"collection":[{"href":"https:\/\/actonenglish.com\/es\/wp-json\/wp\/v2\/pages"}],"about":[{"href":"https:\/\/actonenglish.com\/es\/wp-json\/wp\/v2\/types\/page"}],"author":[{"embeddable":true,"href":"https:\/\/actonenglish.com\/es\/wp-json\/wp\/v2\/users\/1"}],"replies":[{"embeddable":true,"href":"https:\/\/actonenglish.com\/es\/wp-json\/wp\/v2\/comments?post=8280"}],"version-history":[{"count":5,"href":"https:\/\/actonenglish.com\/es\/wp-json\/wp\/v2\/pages\/8280\/revisions"}],"predecessor-version":[{"id":8292,"href":"https:\/\/actonenglish.com\/es\/wp-json\/wp\/v2\/pages\/8280\/revisions\/8292"}],"wp:attachment":[{"href":"https:\/\/actonenglish.com\/es\/wp-json\/wp\/v2\/media?parent=8280"}],"curies":[{"name":"wp","href":"https:\/\/api.w.org\/{rel}","templated":true}]}}