{"id":8270,"date":"2021-04-19T10:32:29","date_gmt":"2021-04-19T10:32:29","guid":{"rendered":"https:\/\/actonenglish.com\/pongase-en-contacto-con\/"},"modified":"2023-09-23T20:22:50","modified_gmt":"2023-09-23T20:22:50","slug":"pongase-en-contacto-con","status":"publish","type":"page","link":"https:\/\/actonenglish.com\/es\/pongase-en-contacto-con\/","title":{"rendered":"P\u00f3ngase en contacto con"},"content":{"rendered":"\t\t<div data-elementor-type=\"wp-page\" data-elementor-id=\"8270\" class=\"elementor elementor-8270 elementor-1705\">\n\t\t\t\t\t\t<section class=\"elementor-section elementor-top-section elementor-element elementor-element-bf2d295 elementor-section-boxed elementor-section-height-default elementor-section-height-default\" data-id=\"bf2d295\" data-element_type=\"section\" data-settings=\"{&quot;background_background&quot;:&quot;classic&quot;}\">\n\t\t\t\t\t\t<div class=\"elementor-container elementor-column-gap-default\">\n\t\t\t\t\t<div class=\"elementor-column elementor-col-100 elementor-top-column elementor-element elementor-element-3f48a10\" data-id=\"3f48a10\" data-element_type=\"column\">\n\t\t\t<div class=\"elementor-widget-wrap elementor-element-populated\">\n\t\t\t\t\t\t<div class=\"elementor-element elementor-element-94d10e2 elementor-widget elementor-widget-heading\" data-id=\"94d10e2\" data-element_type=\"widget\" data-widget_type=\"heading.default\">\n\t\t\t\t<div class=\"elementor-widget-container\">\n\t\t\t\t\t<h2 class=\"elementor-heading-title elementor-size-default\">P\u00f3ngase en contacto con<\/h2>\t\t\t\t<\/div>\n\t\t\t\t<\/div>\n\t\t\t\t<div class=\"elementor-element elementor-element-86fe665 elementor-widget elementor-widget-text-editor\" data-id=\"86fe665\" data-element_type=\"widget\" data-widget_type=\"text-editor.default\">\n\t\t\t\t<div class=\"elementor-widget-container\">\n\t\t\t\t\t\t\t\t\t<p>Hacer m\u00e1s eficaces el aprendizaje y la ense\u00f1anza con la participaci\u00f3n activa y la colaboraci\u00f3n de los alumnos<\/p>\n\t\t\t\t\t\t\t\t<\/div>\n\t\t\t\t<\/div>\n\t\t\t\t\t<\/div>\n\t\t<\/div>\n\t\t\t\t\t<\/div>\n\t\t<\/section>\n\t\t\t\t<section class=\"elementor-section elementor-top-section elementor-element elementor-element-07720b1 elementor-section-content-middle elementor-section-boxed elementor-section-height-default elementor-section-height-default\" data-id=\"07720b1\" data-element_type=\"section\">\n\t\t\t\t\t\t<div class=\"elementor-container elementor-column-gap-wider\">\n\t\t\t\t\t<div class=\"elementor-column elementor-col-50 elementor-top-column elementor-element elementor-element-1980103\" data-id=\"1980103\" data-element_type=\"column\">\n\t\t\t<div class=\"elementor-widget-wrap elementor-element-populated\">\n\t\t\t\t\t\t<div class=\"elementor-element elementor-element-7f0e8ac elementor-widget elementor-widget-heading\" data-id=\"7f0e8ac\" data-element_type=\"widget\" data-widget_type=\"heading.default\">\n\t\t\t\t<div class=\"elementor-widget-container\">\n\t\t\t\t\t<h2 class=\"elementor-heading-title elementor-size-default\">Estamos siempre abiertos 24 horas al d\u00eda, 7 d\u00edas a la semana.<\/h2>\t\t\t\t<\/div>\n\t\t\t\t<\/div>\n\t\t\t\t<div class=\"elementor-element elementor-element-4bbd885 elementor-widget elementor-widget-html\" data-id=\"4bbd885\" data-element_type=\"widget\" data-widget_type=\"html.default\">\n\t\t\t\t<div class=\"elementor-widget-container\">\n\t\t\t\t\t<!DOCTYPE html><html><style>form {\n       padding: 10px;\n    }\n    :placeholder {\n        color: rgba(10, 8, 59, 0.5);\n    }\n    label {\n        color: #0A083B;\n        font-family: Inter;\n        font-size: 16px;\n        line-height: 24px;\n        font-weight: 600;\n    }\n    input {\n        padding: 20px 25px;\n        margin: 10px 0 0px;\n        border: 2px solid #E8E7ED;\n        border-radius: 6px;\n    }\n    input:focus, textarea:focus {\n        outline: 0;\n    }\n    input[type=\"text\"],input[type=\"email\"] {\n         width: 100%;\n        font-family: Inter;\n        font-weight: 400;\n        font-size: 16px;\n        line-height: 19px;\n        color: rgba(10, 8, 59, 0.50);\n    }\n    textarea {\n        width: 100%;\n        height: 135px;\n        padding: 20px 25px;\n        margin: 10px 0 0px;\n        border: 2px solid #E8E7ED;\n        border-radius: 6px;\n        font-family: Inter;\n        font-weight: 400;\n        font-size: 16px;\n        line-height: 19px;\n    }\n    .form-button {\n        font-family: Inter;\n        font-weight: 600;\n        font-size: 16px;\n        line-height: 19px;\n        padding: 16px 34px;\n        color: #fff;\n        background-color: #1950D1;\n        border-radius: 33px;\n        cursor: pointer;\n        float: right;\n        margin-top: 40px;\n    }\n    .form-button:hover {\n        background-color: #175CFF;\n        transition: .6s;\n    }\n    @media (max-width:768px) {\n        input {\n        padding: 15px 15px;\n    }\n    input[type=\"text\"],input[type=\"email\"] {\n        font-size: 14px;\n        line-height: 19px;\n    }\n     textarea {\n        font-size: 14px;\n         padding: 15px 15px;\n         height: 100px;\n    }\n    }\n    \n    <\/style><body><form action=\"\/action_page.php\"><label for=\"fname\">Name <\/label><br><input type=\"text\" name=\"fname\" id=\"fname\" value=\"\" placeholder=\"John Doe\"><br><br><label for=\"email\">Email <\/label><br><input type=\"email\" name=\"email\" id=\"email\" value=\"\" placeholder=\"name@example.com\"> <br> <br><label for=\"fname\">Subject <\/label><br><input type=\"text\" name=\"fname\" id=\"fname\" value=\"\" placeholder=\"Subject\"><br><br><label for=\"text\"> Description <\/label><br><textarea placeholder=\"Write your message\" rows=\"7\"><\/textarea><a href=\"#\" class=\"form-button\">Send Message<\/a><\/form><\/body><\/html>\t\t\t\t<\/div>\n\t\t\t\t<\/div>\n\t\t\t\t\t<\/div>\n\t\t<\/div>\n\t\t\t\t<div class=\"elementor-column elementor-col-50 elementor-top-column elementor-element elementor-element-324f620\" data-id=\"324f620\" data-element_type=\"column\">\n\t\t\t<div class=\"elementor-widget-wrap elementor-element-populated\">\n\t\t\t\t\t\t<div class=\"elementor-element elementor-element-27322d6 elementor-widget elementor-widget-heading\" data-id=\"27322d6\" data-element_type=\"widget\" data-widget_type=\"heading.default\">\n\t\t\t\t<div class=\"elementor-widget-container\">\n\t\t\t\t\t<h2 class=\"elementor-heading-title elementor-size-default\">Env\u00edenos un correo electr\u00f3nico<\/h2>\t\t\t\t<\/div>\n\t\t\t\t<\/div>\n\t\t\t\t<div class=\"elementor-element elementor-element-c1b82db elementor-widget elementor-widget-text-editor\" data-id=\"c1b82db\" data-element_type=\"widget\" data-widget_type=\"text-editor.default\">\n\t\t\t\t<div class=\"elementor-widget-container\">\n\t\t\t\t\t\t\t\t\t<p>hello@actonenglish.com<\/p>\n\t\t\t\t\t\t\t\t<\/div>\n\t\t\t\t<\/div>\n\t\t\t\t<div class=\"elementor-element elementor-element-1aa5475 elementor-widget elementor-widget-heading\" data-id=\"1aa5475\" data-element_type=\"widget\" data-widget_type=\"heading.default\">\n\t\t\t\t<div class=\"elementor-widget-container\">\n\t\t\t\t\t<h2 class=\"elementor-heading-title elementor-size-default\">Vis\u00edtenos<\/h2>\t\t\t\t<\/div>\n\t\t\t\t<\/div>\n\t\t\t\t<div class=\"elementor-element elementor-element-a4db9b9 elementor-widget elementor-widget-text-editor\" data-id=\"a4db9b9\" data-element_type=\"widget\" data-widget_type=\"text-editor.default\">\n\t\t\t\t<div class=\"elementor-widget-container\">\n\t\t\t\t\t\t\t\t\t<p>Quer\u00e9taro, M\u00e9xico<\/p>\n\t\t\t\t\t\t\t\t<\/div>\n\t\t\t\t<\/div>\n\t\t\t\t\t<\/div>\n\t\t<\/div>\n\t\t\t\t\t<\/div>\n\t\t<\/section>\n\t\t\t\t<\/div>\n\t\t","protected":false},"excerpt":{"rendered":"<p>P\u00f3ngase en contacto con Hacer m\u00e1s eficaces el aprendizaje y la ense\u00f1anza con la participaci\u00f3n activa y la colaboraci\u00f3n de<\/p>\n","protected":false},"author":1,"featured_media":0,"parent":0,"menu_order":0,"comment_status":"closed","ping_status":"closed","template":"elementor_header_footer","meta":{"_tutorstarter_page_metadata":[],"footnotes":""},"class_list":["post-8270","page","type-page","status-publish","hentry"],"rttpg_featured_image_url":null,"rttpg_author":{"display_name":"Acton","author_link":"https:\/\/actonenglish.com\/es\/author\/acton\/"},"rttpg_comment":0,"rttpg_category":false,"rttpg_excerpt":"P\u00f3ngase en contacto con Hacer m\u00e1s eficaces el aprendizaje y la ense\u00f1anza con la participaci\u00f3n activa y la colaboraci\u00f3n de","_links":{"self":[{"href":"https:\/\/actonenglish.com\/es\/wp-json\/wp\/v2\/pages\/8270","targetHints":{"allow":["GET"]}}],"collection":[{"href":"https:\/\/actonenglish.com\/es\/wp-json\/wp\/v2\/pages"}],"about":[{"href":"https:\/\/actonenglish.com\/es\/wp-json\/wp\/v2\/types\/page"}],"author":[{"embeddable":true,"href":"https:\/\/actonenglish.com\/es\/wp-json\/wp\/v2\/users\/1"}],"replies":[{"embeddable":true,"href":"https:\/\/actonenglish.com\/es\/wp-json\/wp\/v2\/comments?post=8270"}],"version-history":[{"count":2,"href":"https:\/\/actonenglish.com\/es\/wp-json\/wp\/v2\/pages\/8270\/revisions"}],"predecessor-version":[{"id":8276,"href":"https:\/\/actonenglish.com\/es\/wp-json\/wp\/v2\/pages\/8270\/revisions\/8276"}],"wp:attachment":[{"href":"https:\/\/actonenglish.com\/es\/wp-json\/wp\/v2\/media?parent=8270"}],"curies":[{"name":"wp","href":"https:\/\/api.w.org\/{rel}","templated":true}]}}