{"id":8260,"date":"2021-04-19T10:19:59","date_gmt":"2021-04-19T10:19:59","guid":{"rendered":"https:\/\/actonenglish.com\/blog\/"},"modified":"2023-09-23T20:22:47","modified_gmt":"2023-09-23T20:22:47","slug":"blog","status":"publish","type":"page","link":"https:\/\/actonenglish.com\/es\/blog\/","title":{"rendered":"Blog"},"content":{"rendered":"\t\t<div data-elementor-type=\"wp-page\" data-elementor-id=\"8260\" class=\"elementor elementor-8260 elementor-1671\">\n\t\t\t\t\t\t<section class=\"elementor-section elementor-top-section elementor-element elementor-element-a500501 elementor-section-boxed elementor-section-height-default elementor-section-height-default\" data-id=\"a500501\" data-element_type=\"section\" data-settings=\"{&quot;background_background&quot;:&quot;classic&quot;}\">\n\t\t\t\t\t\t<div class=\"elementor-container elementor-column-gap-default\">\n\t\t\t\t\t<div class=\"elementor-column elementor-col-100 elementor-top-column elementor-element elementor-element-cb67adf\" data-id=\"cb67adf\" data-element_type=\"column\">\n\t\t\t<div class=\"elementor-widget-wrap elementor-element-populated\">\n\t\t\t\t\t\t<div class=\"elementor-element elementor-element-a3a39f9 elementor-widget elementor-widget-heading\" data-id=\"a3a39f9\" data-element_type=\"widget\" data-widget_type=\"heading.default\">\n\t\t\t\t<div class=\"elementor-widget-container\">\n\t\t\t\t\t<h2 class=\"elementor-heading-title elementor-size-default\">Blog<\/h2>\t\t\t\t<\/div>\n\t\t\t\t<\/div>\n\t\t\t\t<div class=\"elementor-element elementor-element-07b6a2d elementor-widget elementor-widget-text-editor\" data-id=\"07b6a2d\" data-element_type=\"widget\" data-widget_type=\"text-editor.default\">\n\t\t\t\t<div class=\"elementor-widget-container\">\n\t\t\t\t\t\t\t\t\t<p>Hacer m\u00e1s eficaces el aprendizaje y la ense\u00f1anza con la participaci\u00f3n activa y la colaboraci\u00f3n de los alumnos<\/p>\n\t\t\t\t\t\t\t\t<\/div>\n\t\t\t\t<\/div>\n\t\t\t\t\t<\/div>\n\t\t<\/div>\n\t\t\t\t\t<\/div>\n\t\t<\/section>\n\t\t\t\t<section class=\"elementor-section elementor-top-section elementor-element elementor-element-3576bd9 elementor-section-boxed elementor-section-height-default elementor-section-height-default\" data-id=\"3576bd9\" data-element_type=\"section\">\n\t\t\t\t\t\t<div class=\"elementor-container elementor-column-gap-default\">\n\t\t\t\t\t<div class=\"elementor-column elementor-col-100 elementor-top-column elementor-element elementor-element-8cd50b5\" data-id=\"8cd50b5\" data-element_type=\"column\">\n\t\t\t<div class=\"elementor-widget-wrap\">\n\t\t\t\t\t\t\t<\/div>\n\t\t<\/div>\n\t\t\t\t\t<\/div>\n\t\t<\/section>\n\t\t\t\t<section class=\"elementor-section elementor-top-section elementor-element elementor-element-6ad531d elementor-section-boxed elementor-section-height-default elementor-section-height-default\" data-id=\"6ad531d\" data-element_type=\"section\">\n\t\t\t\t\t\t<div class=\"elementor-container elementor-column-gap-default\">\n\t\t\t\t\t<div class=\"elementor-column elementor-col-100 elementor-top-column elementor-element elementor-element-712979b\" data-id=\"712979b\" data-element_type=\"column\">\n\t\t\t<div class=\"elementor-widget-wrap elementor-element-populated\">\n\t\t\t\t\t\t<div class=\"elementor-element elementor-element-6e38d11 elementor-widget elementor-widget-text-editor\" data-id=\"6e38d11\" data-element_type=\"widget\" data-widget_type=\"text-editor.default\">\n\t\t\t\t<div class=\"elementor-widget-container\">\n\t\t\t\t\t\t\t\t\t<style type='text\/css' media='all'>#rt-tpg-container-2315755122 .rt-holder .rt-woo-info .price{color:#54c3c6;}body .rt-tpg-container .rt-tpg-isotope-buttons .selected,\n\t\t\t\t\t#rt-tpg-container-2315755122 .layout12 .rt-holder:hover .rt-detail,\n\t\t\t\t\t#rt-tpg-container-2315755122 .isotope8 .rt-holder:hover .rt-detail,\n\t\t\t\t\t#rt-tpg-container-2315755122 .carousel8 .rt-holder:hover .rt-detail,\n\t\t\t\t\t#rt-tpg-container-2315755122 .layout13 .rt-holder .overlay .post-info,\n\t\t\t\t\t#rt-tpg-container-2315755122 .isotope9 .rt-holder .overlay .post-info,\n\t\t\t\t\t#rt-tpg-container-2315755122.rt-tpg-container .layout4 .rt-holder .rt-detail,\n\t\t\t\t\t.rt-modal-2315755122 .md-content,\n\t\t\t\t\t.rt-modal-2315755122 .md-content > .rt-md-content-holder .rt-md-content,\n\t\t\t\t\t.rt-popup-wrap-2315755122.rt-popup-wrap .rt-popup-navigation-wrap,\n\t\t\t\t\t#rt-tpg-container-2315755122 .carousel9 .rt-holder .overlay .post-info{background-color:#54c3c6;}#rt-tpg-container-2315755122 .layout5 .rt-holder .overlay, #rt-tpg-container-2315755122 .isotope2 .rt-holder .overlay, #rt-tpg-container-2315755122 .carousel2 .rt-holder .overlay,#rt-tpg-container-2315755122 .layout15 .rt-holder h3, #rt-tpg-container-2315755122 .isotope11 .rt-holder h3, #rt-tpg-container-2315755122 .carousel11 .rt-holder h3, #rt-tpg-container-2315755122 .layout16 .rt-holder h3,\n\t\t\t\t\t#rt-tpg-container-2315755122 .isotope12 .rt-holder h3, #rt-tpg-container-2315755122 .carousel12 .rt-holder h3 {background-color:rgba(84,195,198,0.8);}#rt-tpg-container-2315755122 .pagination-list li a,\n\t\t\t\t\trt-tpg-container-2315755122 .pagination-list li span,\n\t\t\t\t\trt-tpg-container-2315755122 .pagination li a,\n\t\t\t\t\t#rt-tpg-container-2315755122 .rt-tpg-isotope-buttons button,\n\t\t\t\t\t#rt-tpg-container-2315755122 .rt-tpg-utility .rt-tpg-load-more button,\n\t\t\t\t\t#rt-tpg-container-2315755122.rt-tpg-container .swiper-navigation .slider-btn,\n\t\t\t\t\t#rt-tpg-container-2315755122.rt-tpg-container .swiper-pagination-bullet,\n\t\t\t\t\t#rt-tpg-container-2315755122 .wc1 .rt-holder .rt-img-holder .overlay .product-more ul li a,\n\t\t\t\t\t#rt-tpg-container-2315755122 .wc2 .rt-detail .rt-wc-add-to-cart,\n\t\t\t\t\t#rt-tpg-container-2315755122 .wc3 .rt-detail .rt-wc-add-to-cart,\n\t\t\t\t\t#rt-tpg-container-2315755122 .wc4 .rt-detail .rt-wc-add-to-cart,\n\t\t\t\t\t#rt-tpg-container-2315755122 .wc-carousel2 .rt-detail .rt-wc-add-to-cart,\n\t\t\t\t\t#rt-tpg-container-2315755122 .wc-isotope2 .rt-detail .rt-wc-add-to-cart,\n\t\t\t\t\t#rt-tpg-container-2315755122 .rt-layout-filter-container .rt-filter-wrap .rt-filter-item-wrap.rt-filter-dropdown-wrap .rt-filter-dropdown,\n\t\t\t\t\t#rt-tpg-container-2315755122 .rt-layout-filter-container .rt-filter-sub-tax.sub-button-group .rt-filter-button-item,\n\t\t\t\t\t#rt-tpg-container-2315755122.rt-tpg-container .rt-pagination-wrap .rt-page-numbers .paginationjs .paginationjs-pages ul li>a,\n\t\t\t\t\t#rt-tpg-container-2315755122 .rt-filter-item-wrap.rt-filter-button-wrap span.rt-filter-button-item,\n\t\t\t\t\t#rt-tpg-container-2315755122.rt-tpg-container .rt-pagination-wrap  .rt-loadmore-btn,\n\t\t\t\t\t#rt-tpg-container-2315755122.rt-tpg-container .rt-pagination-wrap .rt-cb-page-prev-next > *,\n\t\t\t\t\t#rt-tpg-container-2315755122 .rt-read-more,\n\t\t\t\t\t#rt-tooltip-2315755122, #rt-tooltip-2315755122 .rt-tooltip-bottom:after{background-color:#54c3c6;}#rt-tpg-container-2315755122 .rt-filter-item-wrap.rt-filter-button-wrap span.rt-filter-button-item,\n\t\t\t\t\t#rt-tpg-container-2315755122 .rt-layout-filter-container .rt-filter-sub-tax.sub-button-group .rt-filter-button-item{border-color:#54c3c6;}#rt-tpg-container-2315755122.rt-tpg-container .layout17 .rt-holder .overlay a.tpg-zoom .fa{color:#54c3c6;}#rt-tpg-container-2315755122 .rt-holder .read-more a {background-color:#54c3c6;padding: 8px 15px;}#rt-tpg-container-2315755122 .pagination-list li a,\n\t\t\t\t\t#rt-tpg-container-2315755122 .pagination li a,\n\t\t\t\t\t#rt-tpg-container-2315755122 .rt-tpg-isotope-buttons button,\n\t\t\t\t\t#rt-tpg-container-2315755122 .rt-holder .read-more a,\n\t\t\t\t\t#rt-tpg-container-2315755122 .rt-tpg-utility .rt-tpg-load-more button,\n\t\t\t\t\t#rt-tpg-container-2315755122.rt-tpg-container .swiper-navigation .slider-btn,\n\t\t\t\t\t#rt-tpg-container-2315755122 .wc1 .rt-holder .rt-img-holder .overlay .product-more ul li a,\n\t\t\t\t\t#rt-tpg-container-2315755122 .edd1 .rt-holder .rt-img-holder .overlay .product-more ul li a,\n\t\t\t\t\t#rt-tpg-container-2315755122 .wc2 .rt-detail .rt-wc-add-to-cart,\n\t\t\t\t\t#rt-tpg-container-2315755122 .wc3 .rt-detail .rt-wc-add-to-cart,\n\t\t\t\t\t#rt-tpg-container-2315755122 .edd2 .rt-detail .rt-wc-add-to-cart,\n\t\t\t\t\t#rt-tpg-container-2315755122 .wc4 .rt-detail .rt-wc-add-to-cart,\n\t\t\t\t\t#rt-tpg-container-2315755122 .edd3 .rt-detail .rt-wc-add-to-cart,\n\t\t\t\t\t#rt-tpg-container-2315755122 .wc-carousel2 .rt-detail .rt-wc-add-to-cart,\n\t\t\t\t\t#rt-tpg-container-2315755122 .wc-isotope2 .rt-detail .rt-wc-add-to-cart,\n\t\t\t\t\t#rt-tpg-container-2315755122 .rt-tpg-utility .rt-tpg-load-more button,\n\t\t\t\t\t#rt-tooltip-2315755122,\n\t\t\t\t\t#rt-tpg-container-2315755122 .rt-filter-item-wrap.rt-filter-button-wrap span.rt-filter-button-item,\n\t\t\t\t\t#rt-tpg-container-2315755122 .rt-layout-filter-container .rt-filter-sub-tax.sub-button-group .rt-filter-button-item,\n\t\t\t\t\t#rt-tpg-container-2315755122 .rt-layout-filter-container .rt-filter-wrap .rt-filter-item-wrap.rt-sort-order-action,\n\t\t\t\t\t#rt-tpg-container-2315755122 .rt-layout-filter-container .rt-filter-wrap .rt-filter-item-wrap.rt-filter-dropdown-wrap .rt-filter-dropdown .rt-filter-dropdown-item,\n\t\t\t\t\t#rt-tpg-container-2315755122.rt-tpg-container .rt-pagination-wrap .rt-page-numbers .paginationjs .paginationjs-pages ul li>a,\n\t\t\t\t\t#rt-tpg-container-2315755122.rt-tpg-container .rt-pagination-wrap .rt-cb-page-prev-next > *,\n\t\t\t\t\t#rt-tpg-container-2315755122.rt-tpg-container .rt-pagination-wrap  .rt-loadmore-btn,\n\t\t\t\t\t#rt-tpg-container-2315755122 .rt-read-more,\n\t\t\t\t\t#rt-tooltip-2315755122 .rt-tooltip-bottom:after{color:#ffffff;}#rt-tpg-container-2315755122 .read-more a{border-radius:px;}#rt-tpg-container-2315755122 .rt-img-holder img.rt-img-responsive,#rt-tpg-container-2315755122 .rt-img-holder,\n\t\t\t\t\t#rt-tpg-container-2315755122 .rt-post-overlay .post-img,\n\t\t\t\t\t#rt-tpg-container-2315755122 .post-sm .post-img,\n\t\t\t\t\t#rt-tpg-container-2315755122 .rt-post-grid .post-img,\n\t\t\t\t\t#rt-tpg-container-2315755122 .post-img img {border-radius:px;}#rt-tpg-container-2315755122 .layout1 .rt-holder h2.entry-title,\n\t\t\t\t\t#rt-tpg-container-2315755122 .layout1 .rt-holder h3.entry-title,\n\t\t\t\t\t#rt-tpg-container-2315755122 .layout1 .rt-holder h4.entry-title,\n\t\t\t\t\t#rt-tpg-container-2315755122 .layout1 .rt-holder h2.entry-title a,\n\t\t\t\t\t#rt-tpg-container-2315755122 .layout1 .rt-holder h3.entry-title a,\n\t\t\t\t\t#rt-tpg-container-2315755122 .layout1 .rt-holder h4.entry-title a,\n\t\t\t\t\t#rt-tpg-container-2315755122 .rt-holder .rt-woo-info h2 a,\n\t\t\t\t\t#rt-tpg-container-2315755122 .rt-holder .rt-woo-info h3 a,\n\t\t\t\t\t#rt-tpg-container-2315755122 .rt-holder .rt-woo-info h4 a,\n\t\t\t\t\t#rt-tpg-container-2315755122 .post-content .post-title,\n\t\t\t\t\t#rt-tpg-container-2315755122 .rt-post-grid .post-title,\n\t\t\t\t\t#rt-tpg-container-2315755122 .rt-post-grid .post-title a,\n\t\t\t\t\t#rt-tpg-container-2315755122 .post-content .post-title a,\n\t\t\t\t\t#rt-tpg-container-2315755122 .rt-holder .rt-woo-info h2,\n\t\t\t\t\t#rt-tpg-container-2315755122 .rt-holder .rt-woo-info h3,\n\t\t\t\t\t#rt-tpg-container-2315755122 .rt-holder .rt-woo-info h4{color:#3d3d3d;}<\/style><div class='rt-container-fluid rt-tpg-container tpg-shortcode-main-wrapper ' id='rt-tpg-container-2315755122'   data-layout='layout1' data-grid-style='even' data-desktop-col='3'  data-tab-col='2'  data-mobile-col='1' data-sc-id='7613'><div data-title='Cargando...' class='rt-row rt-content-loader   layout1 tpg-even '><div class=\"rt-col-md-4 rt-col-sm-6 rt-col-xs-12 even-grid-item rt-grid-item img_zoom_in\" data-id=\"8321\"><div class=\"rt-holder\"><div class=\"rt-img-holder\"><a data-id=\"8321\" class=\"\" href=\"https:\/\/actonenglish.com\/es\/gramatica-inglesa-la-diferencia-entre-a-an-y-the\/\"><img fetchpriority=\"high\" decoding=\"async\" width=\"1024\" height=\"683\" src=\"https:\/\/actonenglish.com\/wp-content\/uploads\/2021\/02\/english-book-resting-table-working-space-2-1024x683-1.jpg\" class=\"rt-img-responsive \" alt=\"\" \/><\/a><\/div><div class='rt-detail'><h3 class=\"entry-title\"><a data-id=\"8321\" class=\"\" href=\"https:\/\/actonenglish.com\/es\/gramatica-inglesa-la-diferencia-entre-a-an-y-the\/\">Gram\u00e1tica inglesa: la diferencia entre A, An y The<\/a><\/h3><div class='post-meta-user  '><span class='date'><i class='far fa-calendar-alt '><\/i>febrero 17, 2021<\/span><span class='categories-links'><i class='fas fa-folder-open '><\/i><a class=\"sin-categorizar\" href=\"https:\/\/actonenglish.com\/es\/category\/sin-categorizar\/\" rel=\"tag\">Sin categorizar<\/a><\/span><span class='post-tags-links'><i class='fa fa-tags '><\/i><a href=\"https:\/\/actonenglish.com\/es\/tag\/autonomo-es\/\" rel=\"tag\">aut\u00f3nomo<\/a><span class=\"rt-separator\">,<\/span><a href=\"https:\/\/actonenglish.com\/es\/tag\/blog-es\/\" rel=\"tag\">Blog<\/a><span class=\"rt-separator\">,<\/span><a href=\"https:\/\/actonenglish.com\/es\/tag\/marketing-es\/\" rel=\"tag\">Marketing<\/a><span class=\"rt-separator\">,<\/span><a href=\"https:\/\/actonenglish.com\/es\/tag\/trabajo\/\" rel=\"tag\">trabajo<\/a><\/span><\/div><\/div><\/div><\/div><div class=\"rt-col-md-4 rt-col-sm-6 rt-col-xs-12 even-grid-item rt-grid-item img_zoom_in\" data-id=\"8315\"><div class=\"rt-holder\"><div class=\"rt-img-holder\"><a data-id=\"8315\" class=\"\" href=\"https:\/\/actonenglish.com\/es\/el-poder-de-la-literatura-como-la-lectura-puede-mejorar-tu-nivel-de-ingles\/\"><img decoding=\"async\" width=\"970\" height=\"560\" src=\"https:\/\/actonenglish.com\/wp-content\/uploads\/2021\/02\/blog-18.jpg\" class=\"rt-img-responsive \" alt=\"\" \/><\/a><\/div><div class='rt-detail'><h3 class=\"entry-title\"><a data-id=\"8315\" class=\"\" href=\"https:\/\/actonenglish.com\/es\/el-poder-de-la-literatura-como-la-lectura-puede-mejorar-tu-nivel-de-ingles\/\">El poder de la literatura: C\u00f3mo la lectura puede mejorar tu nivel de ingl\u00e9s<\/a><\/h3><div class='post-meta-user  '><span class='date'><i class='far fa-calendar-alt '><\/i>julio 20, 2023<\/span><span class='categories-links'><i class='fas fa-folder-open '><\/i><a class=\"sin-categorizar\" href=\"https:\/\/actonenglish.com\/es\/category\/sin-categorizar\/\" rel=\"tag\">Sin categorizar<\/a><\/span><span class='post-tags-links'><i class='fa fa-tags '><\/i><a href=\"https:\/\/actonenglish.com\/es\/tag\/autonomo\/\" rel=\"tag\">Aut\u00f3nomo<\/a><span class=\"rt-separator\">,<\/span><a href=\"https:\/\/actonenglish.com\/es\/tag\/trabajo\/\" rel=\"tag\">trabajo<\/a><span class=\"rt-separator\">,<\/span><a href=\"https:\/\/actonenglish.com\/es\/tag\/visitante\/\" rel=\"tag\">Visitante<\/a><\/span><\/div><\/div><\/div><\/div><div class=\"rt-col-md-4 rt-col-sm-6 rt-col-xs-12 even-grid-item rt-grid-item img_zoom_in\" data-id=\"8319\"><div class=\"rt-holder\"><div class=\"rt-img-holder\"><a data-id=\"8319\" class=\"\" href=\"https:\/\/actonenglish.com\/es\/dominar-la-pronunciacion-inglesa-consejos-y-tecnicas-para-estudiantes-de-ingles-como-segundo-idioma\/\"><img decoding=\"async\" width=\"1024\" height=\"537\" src=\"https:\/\/actonenglish.com\/wp-content\/uploads\/2021\/02\/blog-post-6-1024x537-1.jpg\" class=\"rt-img-responsive \" alt=\"\" \/><\/a><\/div><div class='rt-detail'><h3 class=\"entry-title\"><a data-id=\"8319\" class=\"\" href=\"https:\/\/actonenglish.com\/es\/dominar-la-pronunciacion-inglesa-consejos-y-tecnicas-para-estudiantes-de-ingles-como-segundo-idioma\/\">Dominar la pronunciaci\u00f3n inglesa: Consejos y t\u00e9cnicas para estudiantes de ingl\u00e9s como segundo idioma<\/a><\/h3><div class='post-meta-user  '><span class='date'><i class='far fa-calendar-alt '><\/i>febrero 17, 2021<\/span><span class='categories-links'><i class='fas fa-folder-open '><\/i><a class=\"sin-categorizar\" href=\"https:\/\/actonenglish.com\/es\/category\/sin-categorizar\/\" rel=\"tag\">Sin categorizar<\/a><\/span><span class='post-tags-links'><i class='fa fa-tags '><\/i><a href=\"https:\/\/actonenglish.com\/es\/tag\/amet-es\/\" rel=\"tag\">amet<\/a><span class=\"rt-separator\">,<\/span><a href=\"https:\/\/actonenglish.com\/es\/tag\/dolor-es\/\" rel=\"tag\">dolor<\/a><span class=\"rt-separator\">,<\/span><a href=\"https:\/\/actonenglish.com\/es\/tag\/ipsum-es\/\" rel=\"tag\">ipsum<\/a><span class=\"rt-separator\">,<\/span><a href=\"https:\/\/actonenglish.com\/es\/tag\/lorem-es\/\" rel=\"tag\">lorem<\/a><span class=\"rt-separator\">,<\/span><a href=\"https:\/\/actonenglish.com\/es\/tag\/sit-es\/\" rel=\"tag\">sit<\/a><\/span><\/div><\/div><\/div><\/div><div class=\"rt-col-md-4 rt-col-sm-6 rt-col-xs-12 even-grid-item rt-grid-item img_zoom_in\" data-id=\"8317\"><div class=\"rt-holder\"><div class=\"rt-img-holder\"><a data-id=\"8317\" class=\"\" href=\"https:\/\/actonenglish.com\/es\/10-frases-cotidianas-en-ingles-y-su-significado-real\/\"><img loading=\"lazy\" decoding=\"async\" width=\"1500\" height=\"932\" src=\"https:\/\/actonenglish.com\/wp-content\/uploads\/2021\/02\/young-woman-teaching-kids-english-class-online.jpg\" class=\"rt-img-responsive \" alt=\"\" \/><\/a><\/div><div class='rt-detail'><h3 class=\"entry-title\"><a data-id=\"8317\" class=\"\" href=\"https:\/\/actonenglish.com\/es\/10-frases-cotidianas-en-ingles-y-su-significado-real\/\">10 frases cotidianas en ingl\u00e9s y su significado real<\/a><\/h3><div class='post-meta-user  '><span class='date'><i class='far fa-calendar-alt '><\/i>febrero 17, 2021<\/span><span class='categories-links'><i class='fas fa-folder-open '><\/i><a class=\"sin-categorizar\" href=\"https:\/\/actonenglish.com\/es\/category\/sin-categorizar\/\" rel=\"tag\">Sin categorizar<\/a><\/span><span class='post-tags-links'><i class='fa fa-tags '><\/i><a href=\"https:\/\/actonenglish.com\/es\/tag\/autonomo\/\" rel=\"tag\">Aut\u00f3nomo<\/a><span class=\"rt-separator\">,<\/span><a href=\"https:\/\/actonenglish.com\/es\/tag\/diseno\/\" rel=\"tag\">Dise\u00f1o<\/a><span class=\"rt-separator\">,<\/span><a href=\"https:\/\/actonenglish.com\/es\/tag\/ganar\/\" rel=\"tag\">Ganar<\/a><span class=\"rt-separator\">,<\/span><a href=\"https:\/\/actonenglish.com\/es\/tag\/marketing-es\/\" rel=\"tag\">Marketing<\/a><span class=\"rt-separator\">,<\/span><a href=\"https:\/\/actonenglish.com\/es\/tag\/trabajo\/\" rel=\"tag\">trabajo<\/a><\/span><\/div><\/div><\/div><\/div><\/div><\/div>\n\t\t\t\t\t\t\t\t<\/div>\n\t\t\t\t<\/div>\n\t\t\t\t\t<\/div>\n\t\t<\/div>\n\t\t\t\t\t<\/div>\n\t\t<\/section>\n\t\t\t\t<\/div>\n\t\t","protected":false},"excerpt":{"rendered":"<p>Blog Hacer m\u00e1s eficaces el aprendizaje y la ense\u00f1anza con la participaci\u00f3n activa y la colaboraci\u00f3n de los alumnos<\/p>\n","protected":false},"author":1,"featured_media":8043,"parent":0,"menu_order":0,"comment_status":"closed","ping_status":"closed","template":"elementor_header_footer","meta":{"_tutorstarter_page_metadata":[],"footnotes":""},"class_list":["post-8260","page","type-page","status-publish","has-post-thumbnail","hentry"],"rttpg_featured_image_url":{"full":["https:\/\/actonenglish.com\/wp-content\/uploads\/2019\/05\/tstarter-course-2.png",1400,860,false],"landscape":["https:\/\/actonenglish.com\/wp-content\/uploads\/2019\/05\/tstarter-course-2.png",1400,860,false],"portraits":["https:\/\/actonenglish.com\/wp-content\/uploads\/2019\/05\/tstarter-course-2.png",1400,860,false],"thumbnail":["https:\/\/actonenglish.com\/wp-content\/uploads\/2019\/05\/tstarter-course-2-150x150.png",150,150,true],"medium":["https:\/\/actonenglish.com\/wp-content\/uploads\/2019\/05\/tstarter-course-2-300x184.png",300,184,true],"large":["https:\/\/actonenglish.com\/wp-content\/uploads\/2019\/05\/tstarter-course-2-1024x629.png",1024,629,true],"1536x1536":["https:\/\/actonenglish.com\/wp-content\/uploads\/2019\/05\/tstarter-course-2.png",1400,860,false],"2048x2048":["https:\/\/actonenglish.com\/wp-content\/uploads\/2019\/05\/tstarter-course-2.png",1400,860,false],"cart-image-thumb":["https:\/\/actonenglish.com\/wp-content\/uploads\/2019\/05\/tstarter-course-2-160x90.png",160,90,true],"woocommerce_thumbnail":["https:\/\/actonenglish.com\/wp-content\/uploads\/2019\/05\/tstarter-course-2-300x300.png",300,300,true],"woocommerce_single":["https:\/\/actonenglish.com\/wp-content\/uploads\/2019\/05\/tstarter-course-2-600x369.png",600,369,true],"woocommerce_gallery_thumbnail":["https:\/\/actonenglish.com\/wp-content\/uploads\/2019\/05\/tstarter-course-2-100x100.png",100,100,true]},"rttpg_author":{"display_name":"Acton","author_link":"https:\/\/actonenglish.com\/es\/author\/acton\/"},"rttpg_comment":0,"rttpg_category":"","rttpg_excerpt":"Blog Hacer m\u00e1s eficaces el aprendizaje y la ense\u00f1anza con la participaci\u00f3n activa y la colaboraci\u00f3n de los alumnos","_links":{"self":[{"href":"https:\/\/actonenglish.com\/es\/wp-json\/wp\/v2\/pages\/8260","targetHints":{"allow":["GET"]}}],"collection":[{"href":"https:\/\/actonenglish.com\/es\/wp-json\/wp\/v2\/pages"}],"about":[{"href":"https:\/\/actonenglish.com\/es\/wp-json\/wp\/v2\/types\/page"}],"author":[{"embeddable":true,"href":"https:\/\/actonenglish.com\/es\/wp-json\/wp\/v2\/users\/1"}],"replies":[{"embeddable":true,"href":"https:\/\/actonenglish.com\/es\/wp-json\/wp\/v2\/comments?post=8260"}],"version-history":[{"count":2,"href":"https:\/\/actonenglish.com\/es\/wp-json\/wp\/v2\/pages\/8260\/revisions"}],"predecessor-version":[{"id":8268,"href":"https:\/\/actonenglish.com\/es\/wp-json\/wp\/v2\/pages\/8260\/revisions\/8268"}],"wp:featuredmedia":[{"embeddable":true,"href":"https:\/\/actonenglish.com\/es\/wp-json\/wp\/v2\/media\/8043"}],"wp:attachment":[{"href":"https:\/\/actonenglish.com\/es\/wp-json\/wp\/v2\/media?parent=8260"}],"curies":[{"name":"wp","href":"https:\/\/api.w.org\/{rel}","templated":true}]}}